{"id":248,"date":"2019-05-24T14:01:13","date_gmt":"2019-05-24T14:01:13","guid":{"rendered":"http:\/\/berglaufcup.at\/?page_id=248"},"modified":"2025-05-02T09:39:50","modified_gmt":"2025-05-02T07:39:50","slug":"impressum","status":"publish","type":"page","link":"https:\/\/berglaufcup.at\/index.php\/impressum\/","title":{"rendered":"Impressum"},"content":{"rendered":"<p>Information lt. \u00a75 Abs.1 E-Commerce Gesetz; Offenlegung gem\u00e4\u00df Mediengesetz \u00a725<\/p>\n<p>Homepage des Internationalen \u00d6sterreichischen Berglaufcup<br \/>\nInternet: www.berglaufcup.at<\/p>\n<p>E-Mail: <strong><a href=\"mailto:mountains@berglaufcup.at\">mountains@berglaufcup.at<\/a><br \/>\n<\/strong><a href=\"rothmeier1@yahoo.de\"><strong>rothmeier1@yahoo.de<\/strong><\/a><br \/>\n<strong><a href=\"mailto:ilse.wakonig@berglaufcup.at\">ilse.wakonig@berglaufcup.at<\/a><\/strong><\/p>\n<p>Obfrau:\u00a0 Christine Rothmeier<br \/>\nObfrau Stellvertreter:\u00a0 Ilse Wakonig<\/p>\n<p>Rechtsform: Verein, ZVR-Zahl 1431452482, Zust\u00e4ndigkeit Bezirkshauptmannschaft Grieskirchen<\/p>\n<p>Bankverbindung: IBAN\u00a0 AT23 2032 0321 0052 3567 bei der Sparkasse Grieskirchen,<br \/>\nlautend auf Internationaler \u00d6sterreichischer Berglaufcup<\/p>\n<p>Copyright: Alle Rechte vorbehalten<\/p>\n<p>Konzept &amp; Webdesign: Ilse Wakonig<\/p>\n<p>Inhalt: Ilse Wakonig<\/p>\n<p>Urheberrecht<\/p>\n<p>Die Inhalte dieser Website sind urheberrechtlich gesch\u00fctzt. Ohne schriftliche Genehmigung darf der Inhalt dieser Seite in keiner Form reproduziert, ver\u00e4ndert, vervielf\u00e4ltigt oder verbreitet werden.<\/p>\n","protected":false},"excerpt":{"rendered":"<p>Information lt. \u00a75 Abs.1 E-Commerce Gesetz; Offenlegung gem\u00e4\u00df Mediengesetz \u00a725 Homepage des Internationalen \u00d6sterreichischen Berglaufcup Internet: www.berglaufcup.at E-Mail: mountains@berglaufcup.at rothmeier1@yahoo.de ilse.wakonig@berglaufcup.at Obfrau:\u00a0 Christine Rothmeier Obfrau Stellvertreter:\u00a0 Ilse Wakonig Rechtsform: Verein, ZVR-Zahl 1431452482, Zust\u00e4ndigkeit Bezirkshauptmannschaft Grieskirchen Bankverbindung: IBAN\u00a0 AT23 2032 0321 0052 3567 bei der Sparkasse Grieskirchen, lautend auf Internationaler \u00d6sterreichischer Berglaufcup Copyright: Alle Rechte vorbehalten &hellip;<\/p>\n<p class=\"read-more\"> <a class=\"\" href=\"https:\/\/berglaufcup.at\/index.php\/impressum\/\"> <span class=\"screen-reader-text\">Impressum<\/span> Weiterlesen &raquo;<\/a><\/p>\n","protected":false},"author":4,"featured_media":0,"parent":0,"menu_order":0,"comment_status":"closed","ping_status":"closed","template":"","meta":{"site-sidebar-layout":"default","site-content-layout":"default","ast-global-header-display":"","ast-main-header-display":"","ast-hfb-above-header-display":"","ast-hfb-below-header-display":"","ast-hfb-mobile-header-display":"","site-post-title":"","ast-breadcrumbs-content":"","ast-featured-img":"","footer-sml-layout":"","theme-transparent-header-meta":"default","adv-header-id-meta":"","stick-header-meta":"","header-above-stick-meta":"","header-main-stick-meta":"","header-below-stick-meta":""},"yoast_head":"<!-- This site is optimized with the Yoast SEO plugin v19.12 - https:\/\/yoast.com\/wordpress\/plugins\/seo\/ -->\n<title>Impressum - Berglaufcup<\/title>\n<meta name=\"robots\" content=\"index, follow, max-snippet:-1, max-image-preview:large, max-video-preview:-1\" \/>\n<link rel=\"canonical\" href=\"https:\/\/berglaufcup.at\/index.php\/impressum\/\" \/>\n<meta property=\"og:locale\" content=\"de_DE\" \/>\n<meta property=\"og:type\" content=\"article\" \/>\n<meta property=\"og:title\" content=\"Impressum - Berglaufcup\" \/>\n<meta property=\"og:description\" content=\"Information lt. \u00a75 Abs.1 E-Commerce Gesetz; Offenlegung gem\u00e4\u00df Mediengesetz \u00a725 Homepage des Internationalen \u00d6sterreichischen Berglaufcup Internet: www.berglaufcup.at E-Mail: mountains@berglaufcup.at rothmeier1@yahoo.de ilse.wakonig@berglaufcup.at Obfrau:\u00a0 Christine Rothmeier Obfrau Stellvertreter:\u00a0 Ilse Wakonig Rechtsform: Verein, ZVR-Zahl 1431452482, Zust\u00e4ndigkeit Bezirkshauptmannschaft Grieskirchen Bankverbindung: IBAN\u00a0 AT23 2032 0321 0052 3567 bei der Sparkasse Grieskirchen, lautend auf Internationaler \u00d6sterreichischer Berglaufcup Copyright: Alle Rechte vorbehalten &hellip; Impressum Weiterlesen &raquo;\" \/>\n<meta property=\"og:url\" content=\"https:\/\/berglaufcup.at\/index.php\/impressum\/\" \/>\n<meta property=\"og:site_name\" content=\"Berglaufcup\" \/>\n<meta property=\"article:modified_time\" content=\"2025-05-02T07:39:50+00:00\" \/>\n<meta name=\"twitter:card\" content=\"summary_large_image\" \/>\n<meta name=\"twitter:label1\" content=\"Gesch\u00e4tzte Lesezeit\" \/>\n\t<meta name=\"twitter:data1\" content=\"1\u00a0Minute\" \/>\n<script type=\"application\/ld+json\" class=\"yoast-schema-graph\">{\"@context\":\"https:\/\/schema.org\",\"@graph\":[{\"@type\":\"WebPage\",\"@id\":\"https:\/\/berglaufcup.at\/index.php\/impressum\/\",\"url\":\"https:\/\/berglaufcup.at\/index.php\/impressum\/\",\"name\":\"Impressum - Berglaufcup\",\"isPartOf\":{\"@id\":\"https:\/\/berglaufcup.at\/#website\"},\"datePublished\":\"2019-05-24T14:01:13+00:00\",\"dateModified\":\"2025-05-02T07:39:50+00:00\",\"breadcrumb\":{\"@id\":\"https:\/\/berglaufcup.at\/index.php\/impressum\/#breadcrumb\"},\"inLanguage\":\"de\",\"potentialAction\":[{\"@type\":\"ReadAction\",\"target\":[\"https:\/\/berglaufcup.at\/index.php\/impressum\/\"]}]},{\"@type\":\"BreadcrumbList\",\"@id\":\"https:\/\/berglaufcup.at\/index.php\/impressum\/#breadcrumb\",\"itemListElement\":[{\"@type\":\"ListItem\",\"position\":1,\"name\":\"Home\",\"item\":\"https:\/\/berglaufcup.at\/\"},{\"@type\":\"ListItem\",\"position\":2,\"name\":\"Impressum\"}]},{\"@type\":\"WebSite\",\"@id\":\"https:\/\/berglaufcup.at\/#website\",\"url\":\"https:\/\/berglaufcup.at\/\",\"name\":\"Berglaufcup\",\"description\":\"\",\"publisher\":{\"@id\":\"https:\/\/berglaufcup.at\/#organization\"},\"potentialAction\":[{\"@type\":\"SearchAction\",\"target\":{\"@type\":\"EntryPoint\",\"urlTemplate\":\"https:\/\/berglaufcup.at\/?s={search_term_string}\"},\"query-input\":\"required name=search_term_string\"}],\"inLanguage\":\"de\"},{\"@type\":\"Organization\",\"@id\":\"https:\/\/berglaufcup.at\/#organization\",\"name\":\"Internationaler \u00d6sterreichischer Berglaufcup\",\"url\":\"https:\/\/berglaufcup.at\/\",\"logo\":{\"@type\":\"ImageObject\",\"inLanguage\":\"de\",\"@id\":\"https:\/\/berglaufcup.at\/#\/schema\/logo\/image\/\",\"url\":\"https:\/\/berglaufcup.at\/wp-content\/uploads\/cropped-IOBLC-u-OLV-Kopie.jpg\",\"contentUrl\":\"https:\/\/berglaufcup.at\/wp-content\/uploads\/cropped-IOBLC-u-OLV-Kopie.jpg\",\"width\":496,\"height\":85,\"caption\":\"Internationaler \u00d6sterreichischer Berglaufcup\"},\"image\":{\"@id\":\"https:\/\/berglaufcup.at\/#\/schema\/logo\/image\/\"}}]}<\/script>\n<!-- \/ Yoast SEO plugin. -->","yoast_head_json":{"title":"Impressum - Berglaufcup","robots":{"index":"index","follow":"follow","max-snippet":"max-snippet:-1","max-image-preview":"max-image-preview:large","max-video-preview":"max-video-preview:-1"},"canonical":"https:\/\/berglaufcup.at\/index.php\/impressum\/","og_locale":"de_DE","og_type":"article","og_title":"Impressum - Berglaufcup","og_description":"Information lt. \u00a75 Abs.1 E-Commerce Gesetz; Offenlegung gem\u00e4\u00df Mediengesetz \u00a725 Homepage des Internationalen \u00d6sterreichischen Berglaufcup Internet: www.berglaufcup.at E-Mail: mountains@berglaufcup.at rothmeier1@yahoo.de ilse.wakonig@berglaufcup.at Obfrau:\u00a0 Christine Rothmeier Obfrau Stellvertreter:\u00a0 Ilse Wakonig Rechtsform: Verein, ZVR-Zahl 1431452482, Zust\u00e4ndigkeit Bezirkshauptmannschaft Grieskirchen Bankverbindung: IBAN\u00a0 AT23 2032 0321 0052 3567 bei der Sparkasse Grieskirchen, lautend auf Internationaler \u00d6sterreichischer Berglaufcup Copyright: Alle Rechte vorbehalten &hellip; Impressum Weiterlesen &raquo;","og_url":"https:\/\/berglaufcup.at\/index.php\/impressum\/","og_site_name":"Berglaufcup","article_modified_time":"2025-05-02T07:39:50+00:00","twitter_card":"summary_large_image","twitter_misc":{"Gesch\u00e4tzte Lesezeit":"1\u00a0Minute"},"schema":{"@context":"https:\/\/schema.org","@graph":[{"@type":"WebPage","@id":"https:\/\/berglaufcup.at\/index.php\/impressum\/","url":"https:\/\/berglaufcup.at\/index.php\/impressum\/","name":"Impressum - Berglaufcup","isPartOf":{"@id":"https:\/\/berglaufcup.at\/#website"},"datePublished":"2019-05-24T14:01:13+00:00","dateModified":"2025-05-02T07:39:50+00:00","breadcrumb":{"@id":"https:\/\/berglaufcup.at\/index.php\/impressum\/#breadcrumb"},"inLanguage":"de","potentialAction":[{"@type":"ReadAction","target":["https:\/\/berglaufcup.at\/index.php\/impressum\/"]}]},{"@type":"BreadcrumbList","@id":"https:\/\/berglaufcup.at\/index.php\/impressum\/#breadcrumb","itemListElement":[{"@type":"ListItem","position":1,"name":"Home","item":"https:\/\/berglaufcup.at\/"},{"@type":"ListItem","position":2,"name":"Impressum"}]},{"@type":"WebSite","@id":"https:\/\/berglaufcup.at\/#website","url":"https:\/\/berglaufcup.at\/","name":"Berglaufcup","description":"","publisher":{"@id":"https:\/\/berglaufcup.at\/#organization"},"potentialAction":[{"@type":"SearchAction","target":{"@type":"EntryPoint","urlTemplate":"https:\/\/berglaufcup.at\/?s={search_term_string}"},"query-input":"required name=search_term_string"}],"inLanguage":"de"},{"@type":"Organization","@id":"https:\/\/berglaufcup.at\/#organization","name":"Internationaler \u00d6sterreichischer Berglaufcup","url":"https:\/\/berglaufcup.at\/","logo":{"@type":"ImageObject","inLanguage":"de","@id":"https:\/\/berglaufcup.at\/#\/schema\/logo\/image\/","url":"https:\/\/berglaufcup.at\/wp-content\/uploads\/cropped-IOBLC-u-OLV-Kopie.jpg","contentUrl":"https:\/\/berglaufcup.at\/wp-content\/uploads\/cropped-IOBLC-u-OLV-Kopie.jpg","width":496,"height":85,"caption":"Internationaler \u00d6sterreichischer Berglaufcup"},"image":{"@id":"https:\/\/berglaufcup.at\/#\/schema\/logo\/image\/"}}]}},"_links":{"self":[{"href":"https:\/\/berglaufcup.at\/index.php\/wp-json\/wp\/v2\/pages\/248"}],"collection":[{"href":"https:\/\/berglaufcup.at\/index.php\/wp-json\/wp\/v2\/pages"}],"about":[{"href":"https:\/\/berglaufcup.at\/index.php\/wp-json\/wp\/v2\/types\/page"}],"author":[{"embeddable":true,"href":"https:\/\/berglaufcup.at\/index.php\/wp-json\/wp\/v2\/users\/4"}],"replies":[{"embeddable":true,"href":"https:\/\/berglaufcup.at\/index.php\/wp-json\/wp\/v2\/comments?post=248"}],"version-history":[{"count":15,"href":"https:\/\/berglaufcup.at\/index.php\/wp-json\/wp\/v2\/pages\/248\/revisions"}],"predecessor-version":[{"id":7816,"href":"https:\/\/berglaufcup.at\/index.php\/wp-json\/wp\/v2\/pages\/248\/revisions\/7816"}],"wp:attachment":[{"href":"https:\/\/berglaufcup.at\/index.php\/wp-json\/wp\/v2\/media?parent=248"}],"curies":[{"name":"wp","href":"https:\/\/api.w.org\/{rel}","templated":true}]}}