{"id":58,"date":"2018-12-09T22:46:46","date_gmt":"2018-12-09T22:46:46","guid":{"rendered":"http:\/\/berglaufcup.at\/?page_id=58"},"modified":"2025-07-12T17:23:39","modified_gmt":"2025-07-12T15:23:39","slug":"about","status":"publish","type":"page","link":"https:\/\/berglaufcup.at\/index.php\/about\/","title":{"rendered":"\u00dcber I\u00d6BLC"},"content":{"rendered":"\t\t<div data-elementor-type=\"wp-post\" data-elementor-id=\"58\" class=\"elementor elementor-58\">\n\t\t\t\t\t\t<div class=\"elementor-inner\">\n\t\t\t\t<div class=\"elementor-section-wrap\">\n\t\t\t\t\t\t\t\t\t<section class=\"elementor-section elementor-top-section elementor-element elementor-element-276bc58 elementor-section-boxed elementor-section-height-default elementor-section-height-default\" data-id=\"276bc58\" data-element_type=\"section\">\n\t\t\t\t\t\t<div class=\"elementor-container elementor-column-gap-default\">\n\t\t\t\t\t\t\t<div class=\"elementor-row\">\n\t\t\t\t\t<div class=\"elementor-column elementor-col-100 elementor-top-column elementor-element elementor-element-3b88603\" data-id=\"3b88603\" data-element_type=\"column\">\n\t\t\t<div class=\"elementor-column-wrap elementor-element-populated\">\n\t\t\t\t\t\t\t<div class=\"elementor-widget-wrap\">\n\t\t\t\t\t\t<div class=\"elementor-element elementor-element-4755d95 elementor-widget elementor-widget-spacer\" data-id=\"4755d95\" data-element_type=\"widget\" data-widget_type=\"spacer.default\">\n\t\t\t\t<div class=\"elementor-widget-container\">\n\t\t\t\t\t<div class=\"elementor-spacer\">\n\t\t\t<div class=\"elementor-spacer-inner\"><\/div>\n\t\t<\/div>\n\t\t\t\t<\/div>\n\t\t\t\t<\/div>\n\t\t\t\t<div class=\"elementor-element elementor-element-d587fe2 elementor-widget elementor-widget-heading\" data-id=\"d587fe2\" data-element_type=\"widget\" data-widget_type=\"heading.default\">\n\t\t\t\t<div class=\"elementor-widget-container\">\n\t\t\t<h2 class=\"elementor-heading-title elementor-size-default\">\u00dcber I\u00d6BLC<\/h2>\t\t<\/div>\n\t\t\t\t<\/div>\n\t\t\t\t<div class=\"elementor-element elementor-element-06fa3a9 elementor-widget elementor-widget-text-editor\" data-id=\"06fa3a9\" data-element_type=\"widget\" data-widget_type=\"text-editor.default\">\n\t\t\t\t<div class=\"elementor-widget-container\">\n\t\t\t\t\t\t\t\t<div class=\"elementor-text-editor elementor-clearfix\">\n\t\t\t\t<p>Der \u00d6sterreichische Berglaufcup umfasst seit vielen Jahren die sch\u00f6nsten, interessantesten und wichtigsten Bergl\u00e4ufe in allen Bundesl\u00e4ndern \u00d6sterreichs. Das sind Gro\u00dfereignisse wie der Gro\u00dfglockner-Mountainrun, Klassiker wie der Bergmarathon in Kainach, der Veitscher Grenzstaffellauf, aber ebenso kleine L\u00e4ufe wie der Goldpokal-Lauf im Wienerwald und der Rei\u00dfkofellauf in K\u00e4rnten. Eine Vielzahl von wundersch\u00f6nen Almen als Ziel und die Gastfreundschaft der Veranstalter macht die Teilnahme am \u00d6sterreichischen Berglaufcup nicht nur zu einem sportlichen Ereignis, sondern f\u00fchrt auch zu freudigen und gl\u00fccklichen Erlebnissen.<\/p>\t\t\t\t\t<\/div>\n\t\t\t\t\t\t<\/div>\n\t\t\t\t<\/div>\n\t\t\t\t\t\t<\/div>\n\t\t\t\t\t<\/div>\n\t\t<\/div>\n\t\t\t\t\t\t\t\t<\/div>\n\t\t\t\t\t<\/div>\n\t\t<\/section>\n\t\t\t\t<section class=\"elementor-section elementor-top-section elementor-element elementor-element-5896087 elementor-section-boxed elementor-section-height-default elementor-section-height-default\" data-id=\"5896087\" data-element_type=\"section\">\n\t\t\t\t\t\t<div class=\"elementor-container elementor-column-gap-default\">\n\t\t\t\t\t\t\t<div class=\"elementor-row\">\n\t\t\t\t\t<div class=\"elementor-column elementor-col-100 elementor-top-column elementor-element elementor-element-cd80b93\" data-id=\"cd80b93\" data-element_type=\"column\">\n\t\t\t<div class=\"elementor-column-wrap elementor-element-populated\">\n\t\t\t\t\t\t\t<div class=\"elementor-widget-wrap\">\n\t\t\t\t\t\t<div class=\"elementor-element elementor-element-9e53841 elementor-widget elementor-widget-text-editor\" data-id=\"9e53841\" data-element_type=\"widget\" data-widget_type=\"text-editor.default\">\n\t\t\t\t<div class=\"elementor-widget-container\">\n\t\t\t\t\t\t\t\t<div class=\"elementor-text-editor elementor-clearfix\">\n\t\t\t\t\t\t\t\t\t<\/div>\n\t\t\t\t\t\t<\/div>\n\t\t\t\t<\/div>\n\t\t\t\t\t\t<\/div>\n\t\t\t\t\t<\/div>\n\t\t<\/div>\n\t\t\t\t\t\t\t\t<\/div>\n\t\t\t\t\t<\/div>\n\t\t<\/section>\n\t\t\t\t<section class=\"elementor-section elementor-top-section elementor-element elementor-element-f48cacb elementor-section-boxed elementor-section-height-default elementor-section-height-default\" data-id=\"f48cacb\" data-element_type=\"section\">\n\t\t\t\t\t\t<div class=\"elementor-container elementor-column-gap-default\">\n\t\t\t\t\t\t\t<div class=\"elementor-row\">\n\t\t\t\t\t<div class=\"elementor-column elementor-col-100 elementor-top-column elementor-element elementor-element-e2f4942\" data-id=\"e2f4942\" data-element_type=\"column\">\n\t\t\t<div class=\"elementor-column-wrap\">\n\t\t\t\t\t\t\t<div class=\"elementor-widget-wrap\">\n\t\t\t\t\t\t\t\t<\/div>\n\t\t\t\t\t<\/div>\n\t\t<\/div>\n\t\t\t\t\t\t\t\t<\/div>\n\t\t\t\t\t<\/div>\n\t\t<\/section>\n\t\t\t\t<section class=\"elementor-section elementor-top-section elementor-element elementor-element-e609825 elementor-section-boxed elementor-section-height-default elementor-section-height-default\" data-id=\"e609825\" data-element_type=\"section\">\n\t\t\t\t\t\t<div class=\"elementor-container elementor-column-gap-default\">\n\t\t\t\t\t\t\t<div class=\"elementor-row\">\n\t\t\t\t\t<div class=\"elementor-column elementor-col-100 elementor-top-column elementor-element elementor-element-1aacc82\" data-id=\"1aacc82\" data-element_type=\"column\">\n\t\t\t<div class=\"elementor-column-wrap\">\n\t\t\t\t\t\t\t<div class=\"elementor-widget-wrap\">\n\t\t\t\t\t\t\t\t<\/div>\n\t\t\t\t\t<\/div>\n\t\t<\/div>\n\t\t\t\t\t\t\t\t<\/div>\n\t\t\t\t\t<\/div>\n\t\t<\/section>\n\t\t\t\t<section class=\"elementor-section elementor-top-section elementor-element elementor-element-d839f63 elementor-section-boxed elementor-section-height-default elementor-section-height-default\" data-id=\"d839f63\" data-element_type=\"section\">\n\t\t\t\t\t\t<div class=\"elementor-container elementor-column-gap-default\">\n\t\t\t\t\t\t\t<div class=\"elementor-row\">\n\t\t\t\t\t<div class=\"elementor-column elementor-col-100 elementor-top-column elementor-element elementor-element-f1a06a1\" data-id=\"f1a06a1\" data-element_type=\"column\">\n\t\t\t<div class=\"elementor-column-wrap\">\n\t\t\t\t\t\t\t<div class=\"elementor-widget-wrap\">\n\t\t\t\t\t\t\t\t<\/div>\n\t\t\t\t\t<\/div>\n\t\t<\/div>\n\t\t\t\t\t\t\t\t<\/div>\n\t\t\t\t\t<\/div>\n\t\t<\/section>\n\t\t\t\t<section class=\"elementor-section elementor-top-section elementor-element elementor-element-136f002 elementor-section-boxed elementor-section-height-default elementor-section-height-default\" data-id=\"136f002\" data-element_type=\"section\">\n\t\t\t\t\t\t<div class=\"elementor-container elementor-column-gap-default\">\n\t\t\t\t\t\t\t<div class=\"elementor-row\">\n\t\t\t\t\t<div class=\"elementor-column elementor-col-100 elementor-top-column elementor-element elementor-element-02f4255\" data-id=\"02f4255\" data-element_type=\"column\">\n\t\t\t<div class=\"elementor-column-wrap\">\n\t\t\t\t\t\t\t<div class=\"elementor-widget-wrap\">\n\t\t\t\t\t\t\t\t<\/div>\n\t\t\t\t\t<\/div>\n\t\t<\/div>\n\t\t\t\t\t\t\t\t<\/div>\n\t\t\t\t\t<\/div>\n\t\t<\/section>\n\t\t\t\t<section class=\"elementor-section elementor-top-section elementor-element elementor-element-b0229d1 elementor-section-boxed elementor-section-height-default elementor-section-height-default\" data-id=\"b0229d1\" data-element_type=\"section\">\n\t\t\t\t\t\t<div class=\"elementor-container elementor-column-gap-default\">\n\t\t\t\t\t\t\t<div class=\"elementor-row\">\n\t\t\t\t\t<div class=\"elementor-column elementor-col-100 elementor-top-column elementor-element elementor-element-443b1b5\" data-id=\"443b1b5\" data-element_type=\"column\">\n\t\t\t<div class=\"elementor-column-wrap\">\n\t\t\t\t\t\t\t<div class=\"elementor-widget-wrap\">\n\t\t\t\t\t\t\t\t<\/div>\n\t\t\t\t\t<\/div>\n\t\t<\/div>\n\t\t\t\t\t\t\t\t<\/div>\n\t\t\t\t\t<\/div>\n\t\t<\/section>\n\t\t\t\t<section class=\"elementor-section elementor-top-section elementor-element elementor-element-78e1085 elementor-section-boxed elementor-section-height-default elementor-section-height-default\" data-id=\"78e1085\" data-element_type=\"section\">\n\t\t\t\t\t\t<div class=\"elementor-container elementor-column-gap-default\">\n\t\t\t\t\t\t\t<div class=\"elementor-row\">\n\t\t\t\t\t<div class=\"elementor-column elementor-col-100 elementor-top-column elementor-element elementor-element-bb6cbb7\" data-id=\"bb6cbb7\" data-element_type=\"column\">\n\t\t\t<div class=\"elementor-column-wrap elementor-element-populated\">\n\t\t\t\t\t\t\t<div class=\"elementor-widget-wrap\">\n\t\t\t\t\t\t<div class=\"elementor-element elementor-element-86e2140 elementor-widget elementor-widget-image\" data-id=\"86e2140\" data-element_type=\"widget\" data-widget_type=\"image.default\">\n\t\t\t\t<div class=\"elementor-widget-container\">\n\t\t\t\t\t\t\t\t<div class=\"elementor-image\">\n\t\t\t\t\t\t\t\t\t\t\t\t<img decoding=\"async\" width=\"1024\" height=\"290\" src=\"https:\/\/berglaufcup.at\/wp-content\/uploads\/Vorstand-IOeBLC_2025-02-Kopie-1024x290.jpg\" class=\"attachment-large size-large wp-image-8221\" alt=\"\" loading=\"lazy\" srcset=\"https:\/\/berglaufcup.at\/wp-content\/uploads\/Vorstand-IOeBLC_2025-02-Kopie-1024x290.jpg 1024w, https:\/\/berglaufcup.at\/wp-content\/uploads\/Vorstand-IOeBLC_2025-02-Kopie-300x85.jpg 300w, https:\/\/berglaufcup.at\/wp-content\/uploads\/Vorstand-IOeBLC_2025-02-Kopie-768x217.jpg 768w, https:\/\/berglaufcup.at\/wp-content\/uploads\/Vorstand-IOeBLC_2025-02-Kopie.jpg 1202w\" sizes=\"(max-width: 1024px) 100vw, 1024px\" \/>\t\t\t\t\t\t\t\t\t\t\t\t\t\t<\/div>\n\t\t\t\t\t\t<\/div>\n\t\t\t\t<\/div>\n\t\t\t\t\t\t<\/div>\n\t\t\t\t\t<\/div>\n\t\t<\/div>\n\t\t\t\t\t\t\t\t<\/div>\n\t\t\t\t\t<\/div>\n\t\t<\/section>\n\t\t\t\t\t\t\t\t\t<\/div>\n\t\t\t<\/div>\n\t\t\t\t\t<\/div>\n\t\t","protected":false},"excerpt":{"rendered":"<p>\u00dcber I\u00d6BLC Der \u00d6sterreichische Berglaufcup umfasst seit vielen Jahren die sch\u00f6nsten, interessantesten und wichtigsten Bergl\u00e4ufe in allen Bundesl\u00e4ndern \u00d6sterreichs. Das sind Gro\u00dfereignisse wie der Gro\u00dfglockner-Mountainrun, Klassiker wie der Bergmarathon in Kainach, der Veitscher Grenzstaffellauf, aber ebenso kleine L\u00e4ufe wie der Goldpokal-Lauf im Wienerwald und der Rei\u00dfkofellauf in K\u00e4rnten. Eine Vielzahl von wundersch\u00f6nen Almen als Ziel &hellip;<\/p>\n<p class=\"read-more\"> <a class=\"\" href=\"https:\/\/berglaufcup.at\/index.php\/about\/\"> <span class=\"screen-reader-text\">\u00dcber I\u00d6BLC<\/span> Weiterlesen &raquo;<\/a><\/p>\n","protected":false},"author":4,"featured_media":0,"parent":0,"menu_order":0,"comment_status":"closed","ping_status":"closed","template":"","meta":{"site-sidebar-layout":"no-sidebar","site-content-layout":"page-builder","ast-global-header-display":"","ast-main-header-display":"","ast-hfb-above-header-display":"","ast-hfb-below-header-display":"","ast-hfb-mobile-header-display":"","site-post-title":"disabled","ast-breadcrumbs-content":"","ast-featured-img":"disabled","footer-sml-layout":"","theme-transparent-header-meta":"default","adv-header-id-meta":"","stick-header-meta":"","header-above-stick-meta":"","header-main-stick-meta":"","header-below-stick-meta":""},"yoast_head":"<!-- This site is optimized with the Yoast SEO plugin v19.12 - https:\/\/yoast.com\/wordpress\/plugins\/seo\/ -->\n<title>\u00dcber I\u00d6BLC - Berglaufcup<\/title>\n<meta name=\"robots\" content=\"index, follow, max-snippet:-1, max-image-preview:large, max-video-preview:-1\" \/>\n<link rel=\"canonical\" href=\"https:\/\/berglaufcup.at\/index.php\/about\/\" \/>\n<meta property=\"og:locale\" content=\"de_DE\" \/>\n<meta property=\"og:type\" content=\"article\" \/>\n<meta property=\"og:title\" content=\"\u00dcber I\u00d6BLC - Berglaufcup\" \/>\n<meta property=\"og:description\" content=\"\u00dcber I\u00d6BLC Der \u00d6sterreichische Berglaufcup umfasst seit vielen Jahren die sch\u00f6nsten, interessantesten und wichtigsten Bergl\u00e4ufe in allen Bundesl\u00e4ndern \u00d6sterreichs. Das sind Gro\u00dfereignisse wie der Gro\u00dfglockner-Mountainrun, Klassiker wie der Bergmarathon in Kainach, der Veitscher Grenzstaffellauf, aber ebenso kleine L\u00e4ufe wie der Goldpokal-Lauf im Wienerwald und der Rei\u00dfkofellauf in K\u00e4rnten. Eine Vielzahl von wundersch\u00f6nen Almen als Ziel &hellip; \u00dcber I\u00d6BLC Weiterlesen &raquo;\" \/>\n<meta property=\"og:url\" content=\"https:\/\/berglaufcup.at\/index.php\/about\/\" \/>\n<meta property=\"og:site_name\" content=\"Berglaufcup\" \/>\n<meta property=\"article:modified_time\" content=\"2025-07-12T15:23:39+00:00\" \/>\n<meta property=\"og:image\" content=\"https:\/\/berglaufcup.at\/wp-content\/uploads\/Vorstand-IOeBLC_2025-02-Kopie-1024x290.jpg\" \/>\n<meta name=\"twitter:card\" content=\"summary_large_image\" \/>\n<meta name=\"twitter:label1\" content=\"Gesch\u00e4tzte Lesezeit\" \/>\n\t<meta name=\"twitter:data1\" content=\"1\u00a0Minute\" \/>\n<script type=\"application\/ld+json\" class=\"yoast-schema-graph\">{\"@context\":\"https:\/\/schema.org\",\"@graph\":[{\"@type\":\"WebPage\",\"@id\":\"https:\/\/berglaufcup.at\/index.php\/about\/\",\"url\":\"https:\/\/berglaufcup.at\/index.php\/about\/\",\"name\":\"\u00dcber I\u00d6BLC - Berglaufcup\",\"isPartOf\":{\"@id\":\"https:\/\/berglaufcup.at\/#website\"},\"datePublished\":\"2018-12-09T22:46:46+00:00\",\"dateModified\":\"2025-07-12T15:23:39+00:00\",\"breadcrumb\":{\"@id\":\"https:\/\/berglaufcup.at\/index.php\/about\/#breadcrumb\"},\"inLanguage\":\"de\",\"potentialAction\":[{\"@type\":\"ReadAction\",\"target\":[\"https:\/\/berglaufcup.at\/index.php\/about\/\"]}]},{\"@type\":\"BreadcrumbList\",\"@id\":\"https:\/\/berglaufcup.at\/index.php\/about\/#breadcrumb\",\"itemListElement\":[{\"@type\":\"ListItem\",\"position\":1,\"name\":\"Home\",\"item\":\"https:\/\/berglaufcup.at\/\"},{\"@type\":\"ListItem\",\"position\":2,\"name\":\"\u00dcber I\u00d6BLC\"}]},{\"@type\":\"WebSite\",\"@id\":\"https:\/\/berglaufcup.at\/#website\",\"url\":\"https:\/\/berglaufcup.at\/\",\"name\":\"Berglaufcup\",\"description\":\"\",\"publisher\":{\"@id\":\"https:\/\/berglaufcup.at\/#organization\"},\"potentialAction\":[{\"@type\":\"SearchAction\",\"target\":{\"@type\":\"EntryPoint\",\"urlTemplate\":\"https:\/\/berglaufcup.at\/?s={search_term_string}\"},\"query-input\":\"required name=search_term_string\"}],\"inLanguage\":\"de\"},{\"@type\":\"Organization\",\"@id\":\"https:\/\/berglaufcup.at\/#organization\",\"name\":\"Internationaler \u00d6sterreichischer Berglaufcup\",\"url\":\"https:\/\/berglaufcup.at\/\",\"logo\":{\"@type\":\"ImageObject\",\"inLanguage\":\"de\",\"@id\":\"https:\/\/berglaufcup.at\/#\/schema\/logo\/image\/\",\"url\":\"https:\/\/berglaufcup.at\/wp-content\/uploads\/cropped-IOBLC-u-OLV-Kopie.jpg\",\"contentUrl\":\"https:\/\/berglaufcup.at\/wp-content\/uploads\/cropped-IOBLC-u-OLV-Kopie.jpg\",\"width\":496,\"height\":85,\"caption\":\"Internationaler \u00d6sterreichischer Berglaufcup\"},\"image\":{\"@id\":\"https:\/\/berglaufcup.at\/#\/schema\/logo\/image\/\"}}]}<\/script>\n<!-- \/ Yoast SEO plugin. -->","yoast_head_json":{"title":"\u00dcber I\u00d6BLC - Berglaufcup","robots":{"index":"index","follow":"follow","max-snippet":"max-snippet:-1","max-image-preview":"max-image-preview:large","max-video-preview":"max-video-preview:-1"},"canonical":"https:\/\/berglaufcup.at\/index.php\/about\/","og_locale":"de_DE","og_type":"article","og_title":"\u00dcber I\u00d6BLC - Berglaufcup","og_description":"\u00dcber I\u00d6BLC Der \u00d6sterreichische Berglaufcup umfasst seit vielen Jahren die sch\u00f6nsten, interessantesten und wichtigsten Bergl\u00e4ufe in allen Bundesl\u00e4ndern \u00d6sterreichs. Das sind Gro\u00dfereignisse wie der Gro\u00dfglockner-Mountainrun, Klassiker wie der Bergmarathon in Kainach, der Veitscher Grenzstaffellauf, aber ebenso kleine L\u00e4ufe wie der Goldpokal-Lauf im Wienerwald und der Rei\u00dfkofellauf in K\u00e4rnten. Eine Vielzahl von wundersch\u00f6nen Almen als Ziel &hellip; \u00dcber I\u00d6BLC Weiterlesen &raquo;","og_url":"https:\/\/berglaufcup.at\/index.php\/about\/","og_site_name":"Berglaufcup","article_modified_time":"2025-07-12T15:23:39+00:00","og_image":[{"url":"https:\/\/berglaufcup.at\/wp-content\/uploads\/Vorstand-IOeBLC_2025-02-Kopie-1024x290.jpg"}],"twitter_card":"summary_large_image","twitter_misc":{"Gesch\u00e4tzte Lesezeit":"1\u00a0Minute"},"schema":{"@context":"https:\/\/schema.org","@graph":[{"@type":"WebPage","@id":"https:\/\/berglaufcup.at\/index.php\/about\/","url":"https:\/\/berglaufcup.at\/index.php\/about\/","name":"\u00dcber I\u00d6BLC - Berglaufcup","isPartOf":{"@id":"https:\/\/berglaufcup.at\/#website"},"datePublished":"2018-12-09T22:46:46+00:00","dateModified":"2025-07-12T15:23:39+00:00","breadcrumb":{"@id":"https:\/\/berglaufcup.at\/index.php\/about\/#breadcrumb"},"inLanguage":"de","potentialAction":[{"@type":"ReadAction","target":["https:\/\/berglaufcup.at\/index.php\/about\/"]}]},{"@type":"BreadcrumbList","@id":"https:\/\/berglaufcup.at\/index.php\/about\/#breadcrumb","itemListElement":[{"@type":"ListItem","position":1,"name":"Home","item":"https:\/\/berglaufcup.at\/"},{"@type":"ListItem","position":2,"name":"\u00dcber I\u00d6BLC"}]},{"@type":"WebSite","@id":"https:\/\/berglaufcup.at\/#website","url":"https:\/\/berglaufcup.at\/","name":"Berglaufcup","description":"","publisher":{"@id":"https:\/\/berglaufcup.at\/#organization"},"potentialAction":[{"@type":"SearchAction","target":{"@type":"EntryPoint","urlTemplate":"https:\/\/berglaufcup.at\/?s={search_term_string}"},"query-input":"required name=search_term_string"}],"inLanguage":"de"},{"@type":"Organization","@id":"https:\/\/berglaufcup.at\/#organization","name":"Internationaler \u00d6sterreichischer Berglaufcup","url":"https:\/\/berglaufcup.at\/","logo":{"@type":"ImageObject","inLanguage":"de","@id":"https:\/\/berglaufcup.at\/#\/schema\/logo\/image\/","url":"https:\/\/berglaufcup.at\/wp-content\/uploads\/cropped-IOBLC-u-OLV-Kopie.jpg","contentUrl":"https:\/\/berglaufcup.at\/wp-content\/uploads\/cropped-IOBLC-u-OLV-Kopie.jpg","width":496,"height":85,"caption":"Internationaler \u00d6sterreichischer Berglaufcup"},"image":{"@id":"https:\/\/berglaufcup.at\/#\/schema\/logo\/image\/"}}]}},"_links":{"self":[{"href":"https:\/\/berglaufcup.at\/index.php\/wp-json\/wp\/v2\/pages\/58"}],"collection":[{"href":"https:\/\/berglaufcup.at\/index.php\/wp-json\/wp\/v2\/pages"}],"about":[{"href":"https:\/\/berglaufcup.at\/index.php\/wp-json\/wp\/v2\/types\/page"}],"author":[{"embeddable":true,"href":"https:\/\/berglaufcup.at\/index.php\/wp-json\/wp\/v2\/users\/4"}],"replies":[{"embeddable":true,"href":"https:\/\/berglaufcup.at\/index.php\/wp-json\/wp\/v2\/comments?post=58"}],"version-history":[{"count":74,"href":"https:\/\/berglaufcup.at\/index.php\/wp-json\/wp\/v2\/pages\/58\/revisions"}],"predecessor-version":[{"id":8224,"href":"https:\/\/berglaufcup.at\/index.php\/wp-json\/wp\/v2\/pages\/58\/revisions\/8224"}],"wp:attachment":[{"href":"https:\/\/berglaufcup.at\/index.php\/wp-json\/wp\/v2\/media?parent=58"}],"curies":[{"name":"wp","href":"https:\/\/api.w.org\/{rel}","templated":true}]}}